{"id":385,"date":"2023-06-02T05:20:25","date_gmt":"2023-06-02T03:20:25","guid":{"rendered":"https:\/\/www.mtg-germany.de\/?page_id=385"},"modified":"2025-04-29T15:14:21","modified_gmt":"2025-04-29T13:14:21","slug":"impressum","status":"publish","type":"page","link":"https:\/\/www.mtg-germany.de\/en\/impressum\/","title":{"rendered":"Impressum"},"content":{"rendered":"<div data-elementor-type=\"wp-page\" data-elementor-id=\"385\" class=\"elementor elementor-385\">\n\t\t\t\t\t\t\t\t\t<section class=\"elementor-section elementor-top-section elementor-element elementor-element-3ae068a elementor-section-boxed elementor-section-height-default elementor-section-height-default\" data-id=\"3ae068a\" data-element_type=\"section\">\n\t\t\t\t\t\t<div class=\"elementor-container elementor-column-gap-default\">\n\t\t\t\t\t<div class=\"elementor-column elementor-col-100 elementor-top-column elementor-element elementor-element-ca1d098\" data-id=\"ca1d098\" data-element_type=\"column\">\n\t\t\t<div class=\"elementor-widget-wrap elementor-element-populated\">\n\t\t\t\t\t\t\t\t<div class=\"elementor-element elementor-element-b841894 elementor-widget elementor-widget-heading\" data-id=\"b841894\" data-element_type=\"widget\" data-widget_type=\"heading.default\">\n\t\t\t\t<div class=\"elementor-widget-container\">\n\t\t\t<style>\/*! elementor - v3.13.3 - 28-05-2023 *\/\n.elementor-heading-title{padding:0;margin:0;line-height:1}.elementor-widget-heading .elementor-heading-title[class*=elementor-size-]>a{color:inherit;font-size:inherit;line-height:inherit}.elementor-widget-heading .elementor-heading-title.elementor-size-small{font-size:15px}.elementor-widget-heading .elementor-heading-title.elementor-size-medium{font-size:19px}.elementor-widget-heading .elementor-heading-title.elementor-size-large{font-size:29px}.elementor-widget-heading .elementor-heading-title.elementor-size-xl{font-size:39px}.elementor-widget-heading .elementor-heading-title.elementor-size-xxl{font-size:59px}<\/style><h2 class=\"elementor-heading-title elementor-size-default\">Impressum<\/h2>\t\t<\/div>\n\t\t\t\t<\/div>\n\t\t\t\t<div class=\"elementor-element elementor-element-207edd8 elementor-widget-divider--view-line elementor-widget elementor-widget-divider\" data-id=\"207edd8\" data-element_type=\"widget\" data-widget_type=\"divider.default\">\n\t\t\t\t<div class=\"elementor-widget-container\">\n\t\t\t<style>\/*! elementor - v3.13.3 - 28-05-2023 *\/\n.elementor-widget-divider{--divider-border-style:none;--divider-border-width:1px;--divider-color:#0c0d0e;--divider-icon-size:20px;--divider-element-spacing:10px;--divider-pattern-height:24px;--divider-pattern-size:20px;--divider-pattern-url:none;--divider-pattern-repeat:repeat-x}.elementor-widget-divider .elementor-divider{display:flex}.elementor-widget-divider .elementor-divider__text{font-size:15px;line-height:1;max-width:95%}.elementor-widget-divider .elementor-divider__element{margin:0 var(--divider-element-spacing);flex-shrink:0}.elementor-widget-divider .elementor-icon{font-size:var(--divider-icon-size)}.elementor-widget-divider .elementor-divider-separator{display:flex;margin:0;direction:ltr}.elementor-widget-divider--view-line_icon .elementor-divider-separator,.elementor-widget-divider--view-line_text .elementor-divider-separator{align-items:center}.elementor-widget-divider--view-line_icon .elementor-divider-separator:after,.elementor-widget-divider--view-line_icon .elementor-divider-separator:before,.elementor-widget-divider--view-line_text .elementor-divider-separator:after,.elementor-widget-divider--view-line_text .elementor-divider-separator:before{display:block;content:\"\";border-bottom:0;flex-grow:1;border-top:var(--divider-border-width) var(--divider-border-style) var(--divider-color)}.elementor-widget-divider--element-align-left .elementor-divider .elementor-divider-separator>.elementor-divider__svg:first-of-type{flex-grow:0;flex-shrink:100}.elementor-widget-divider--element-align-left .elementor-divider-separator:before{content:none}.elementor-widget-divider--element-align-left .elementor-divider__element{margin-left:0}.elementor-widget-divider--element-align-right .elementor-divider .elementor-divider-separator>.elementor-divider__svg:last-of-type{flex-grow:0;flex-shrink:100}.elementor-widget-divider--element-align-right .elementor-divider-separator:after{content:none}.elementor-widget-divider--element-align-right .elementor-divider__element{margin-right:0}.elementor-widget-divider:not(.elementor-widget-divider--view-line_text):not(.elementor-widget-divider--view-line_icon) .elementor-divider-separator{border-top:var(--divider-border-width) var(--divider-border-style) var(--divider-color)}.elementor-widget-divider--separator-type-pattern{--divider-border-style:none}.elementor-widget-divider--separator-type-pattern.elementor-widget-divider--view-line .elementor-divider-separator,.elementor-widget-divider--separator-type-pattern:not(.elementor-widget-divider--view-line) .elementor-divider-separator:after,.elementor-widget-divider--separator-type-pattern:not(.elementor-widget-divider--view-line) .elementor-divider-separator:before,.elementor-widget-divider--separator-type-pattern:not([class*=elementor-widget-divider--view]) .elementor-divider-separator{width:100%;min-height:var(--divider-pattern-height);-webkit-mask-size:var(--divider-pattern-size) 100%;mask-size:var(--divider-pattern-size) 100%;-webkit-mask-repeat:var(--divider-pattern-repeat);mask-repeat:var(--divider-pattern-repeat);background-color:var(--divider-color);-webkit-mask-image:var(--divider-pattern-url);mask-image:var(--divider-pattern-url)}.elementor-widget-divider--no-spacing{--divider-pattern-size:auto}.elementor-widget-divider--bg-round{--divider-pattern-repeat:round}.rtl .elementor-widget-divider .elementor-divider__text{direction:rtl}.e-con-inner>.elementor-widget-divider,.e-con>.elementor-widget-divider{width:var(--container-widget-width,100%);--flex-grow:var(--container-widget-flex-grow)}<\/style>\t\t<div class=\"elementor-divider\">\n\t\t\t<span class=\"elementor-divider-separator\">\n\t\t\t\t\t\t<\/span>\n\t\t<\/div>\n\t\t\t\t<\/div>\n\t\t\t\t<\/div>\n\t\t\t\t\t<\/div>\n\t\t<\/div>\n\t\t\t\t\t\t\t<\/div>\n\t\t<\/section>\n\t\t\t\t<section class=\"elementor-section elementor-top-section elementor-element elementor-element-6e77459 elementor-section-boxed elementor-section-height-default elementor-section-height-default\" data-id=\"6e77459\" data-element_type=\"section\">\n\t\t\t\t\t\t<div class=\"elementor-container elementor-column-gap-default\">\n\t\t\t\t\t<div class=\"elementor-column elementor-col-100 elementor-top-column elementor-element elementor-element-57e9096\" data-id=\"57e9096\" data-element_type=\"column\">\n\t\t\t<div class=\"elementor-widget-wrap elementor-element-populated\">\n\t\t\t\t\t\t\t\t<div class=\"elementor-element elementor-element-c3746de elementor-widget elementor-widget-heading\" data-id=\"c3746de\" data-element_type=\"widget\" data-widget_type=\"heading.default\">\n\t\t\t\t<div class=\"elementor-widget-container\">\n\t\t\t<h2 class=\"elementor-heading-title elementor-size-default\">Firmenanschrift<\/h2>\t\t<\/div>\n\t\t\t\t<\/div>\n\t\t\t\t<div class=\"elementor-element elementor-element-2faf2ce elementor-widget elementor-widget-text-editor\" data-id=\"2faf2ce\" data-element_type=\"widget\" data-widget_type=\"text-editor.default\">\n\t\t\t\t<div class=\"elementor-widget-container\">\n\t\t\t<style>\/*! elementor - v3.13.3 - 28-05-2023 *\/\n.elementor-widget-text-editor.elementor-drop-cap-view-stacked .elementor-drop-cap{background-color:#69727d;color:#fff}.elementor-widget-text-editor.elementor-drop-cap-view-framed .elementor-drop-cap{color:#69727d;border:3px solid;background-color:transparent}.elementor-widget-text-editor:not(.elementor-drop-cap-view-default) .elementor-drop-cap{margin-top:8px}.elementor-widget-text-editor:not(.elementor-drop-cap-view-default) .elementor-drop-cap-letter{width:1em;height:1em}.elementor-widget-text-editor .elementor-drop-cap{float:left;text-align:center;line-height:1;font-size:50px}.elementor-widget-text-editor .elementor-drop-cap-letter{display:inline-block}<\/style>\t\t\t\t<div class=\"info-lists -columns-1 ce_rsce_oneo_info_list\"><dl class=\"info-list\"><dt><\/dt><dt><p><strong>MTG Handels- und Consulting GmbH<\/strong><br \/>H\u00f6tteweg 8<\/p><p>D &#8211; 48143 M\u00fcnster<br \/>Deutschland<\/p><table border=\"0\"><tbody><tr><td><strong>Telefon<\/strong><\/td><td>+ 49 251 1337 0<\/td><\/tr><tr><td><strong>Telefax<\/strong><\/td><td>+ 49 251 1337 100<\/td><\/tr><tr><td><strong>E-Mail-Adresse<\/strong><\/td><td>marcus.gillsch@mtg-germany.de<\/td><\/tr><tr><td><strong>Webseite<\/strong><\/td><td><a href=\"https:\/\/www.mtg-germany.de\/en\/\">www.mtg-germany.de<\/a><\/td><\/tr><tr><td>\u00a0<\/td><td>\u00a0<\/td><\/tr><tr><td><strong>Vertretungsberechtigter<\/strong><\/td><td>Marcus Gillsch<\/td><\/tr><tr><td><strong>Verantwortlich f\u00fcr den Inhalt<\/strong><\/td><td>Marcus Gillsch<\/td><\/tr><tr><td><strong>Umsatzsteuer-ID<\/strong><\/td><td>DE 157319659<\/td><\/tr><tr><td><strong>Handelsregister<\/strong><\/td><td>HRB 4001<\/td><\/tr><tr><td><strong>Zust\u00e4ndiges Gericht<\/strong><\/td><td>M\u00fcnster<\/td><\/tr><\/tbody><\/table><\/dt><\/dl><\/div>\t\t\t\t\t\t<\/div>\n\t\t\t\t<\/div>\n\t\t\t\t\t<\/div>\n\t\t<\/div>\n\t\t\t\t\t\t\t<\/div>\n\t\t<\/section>\n\t\t\t\t\t\t\t<\/div>","protected":false},"excerpt":{"rendered":"<p>Impressum Firmenanschrift MTG Handels- und Consulting GmbHH\u00f6tteweg 8 D &#8211; 48143 M\u00fcnsterDeutschland Telefon + 49 251 1337 0 Telefax + 49 251 1337 100 E-Mail-Adresse marcus.gillsch@mtg-germany.de Webseite www.mtg-germany.de \u00a0 \u00a0 Vertretungsberechtigter Marcus Gillsch Verantwortlich f\u00fcr den Inhalt Marcus Gillsch Umsatzsteuer-ID DE 157319659 Handelsregister HRB 4001 Zust\u00e4ndiges Gericht M\u00fcnster<\/p>","protected":false},"author":1,"featured_media":0,"parent":0,"menu_order":0,"comment_status":"closed","ping_status":"closed","template":"elementor_header_footer","meta":{"footnotes":""},"class_list":["post-385","page","type-page","status-publish","hentry"],"yoast_head":"<!-- This site is optimized with the Yoast SEO plugin v20.8 - https:\/\/yoast.com\/wordpress\/plugins\/seo\/ -->\n<title>Impressum - MTG Germany<\/title>\n<meta name=\"robots\" content=\"index, follow, max-snippet:-1, max-image-preview:large, max-video-preview:-1\" \/>\n<link rel=\"canonical\" href=\"https:\/\/www.mtg-germany.de\/en\/impressum\/\" \/>\n<meta property=\"og:locale\" content=\"en_GB\" \/>\n<meta property=\"og:type\" content=\"article\" \/>\n<meta property=\"og:title\" content=\"Impressum - MTG Germany\" \/>\n<meta property=\"og:description\" content=\"Impressum Firmenanschrift MTG Handels- und Consulting GmbHH\u00f6tteweg 8 D &#8211; 48143 M\u00fcnsterDeutschland Telefon + 49 251 1337 0 Telefax + 49 251 1337 100 E-Mail-Adresse marcus.gillsch@mtg-germany.de Webseite www.mtg-germany.de \u00a0 \u00a0 Vertretungsberechtigter Marcus Gillsch Verantwortlich f\u00fcr den Inhalt Marcus Gillsch Umsatzsteuer-ID DE 157319659 Handelsregister HRB 4001 Zust\u00e4ndiges Gericht M\u00fcnster\" \/>\n<meta property=\"og:url\" content=\"https:\/\/www.mtg-germany.de\/en\/impressum\/\" \/>\n<meta property=\"og:site_name\" content=\"MTG Germany\" \/>\n<meta property=\"article:modified_time\" content=\"2025-04-29T13:14:21+00:00\" \/>\n<meta name=\"twitter:card\" content=\"summary_large_image\" \/>\n<meta name=\"twitter:label1\" content=\"Estimated reading time\" \/>\n\t<meta name=\"twitter:data1\" content=\"1 minute\" \/>\n<script type=\"application\/ld+json\" class=\"yoast-schema-graph\">{\"@context\":\"https:\/\/schema.org\",\"@graph\":[{\"@type\":\"WebPage\",\"@id\":\"https:\/\/www.mtg-germany.de\/impressum\/\",\"url\":\"https:\/\/www.mtg-germany.de\/impressum\/\",\"name\":\"Impressum - MTG Germany\",\"isPartOf\":{\"@id\":\"https:\/\/www.mtg-germany.de\/#website\"},\"datePublished\":\"2023-06-02T03:20:25+00:00\",\"dateModified\":\"2025-04-29T13:14:21+00:00\",\"breadcrumb\":{\"@id\":\"https:\/\/www.mtg-germany.de\/impressum\/#breadcrumb\"},\"inLanguage\":\"en-GB\",\"potentialAction\":[{\"@type\":\"ReadAction\",\"target\":[\"https:\/\/www.mtg-germany.de\/impressum\/\"]}]},{\"@type\":\"BreadcrumbList\",\"@id\":\"https:\/\/www.mtg-germany.de\/impressum\/#breadcrumb\",\"itemListElement\":[{\"@type\":\"ListItem\",\"position\":1,\"name\":\"Startseite\",\"item\":\"https:\/\/www.mtg-germany.de\/\"},{\"@type\":\"ListItem\",\"position\":2,\"name\":\"Impressum\"}]},{\"@type\":\"WebSite\",\"@id\":\"https:\/\/www.mtg-germany.de\/#website\",\"url\":\"https:\/\/www.mtg-germany.de\/\",\"name\":\"MTG Germany\",\"description\":\"Expansions- und Strategieberatung\",\"publisher\":{\"@id\":\"https:\/\/www.mtg-germany.de\/#organization\"},\"potentialAction\":[{\"@type\":\"SearchAction\",\"target\":{\"@type\":\"EntryPoint\",\"urlTemplate\":\"https:\/\/www.mtg-germany.de\/?s={search_term_string}\"},\"query-input\":\"required name=search_term_string\"}],\"inLanguage\":\"en-GB\"},{\"@type\":\"Organization\",\"@id\":\"https:\/\/www.mtg-germany.de\/#organization\",\"name\":\"MTG Germany\",\"url\":\"https:\/\/www.mtg-germany.de\/\",\"logo\":{\"@type\":\"ImageObject\",\"inLanguage\":\"en-GB\",\"@id\":\"https:\/\/www.mtg-germany.de\/#\/schema\/logo\/image\/\",\"url\":\"https:\/\/www.mtg-germany.de\/wp-content\/uploads\/2023\/06\/Logo_MTG.png\",\"contentUrl\":\"https:\/\/www.mtg-germany.de\/wp-content\/uploads\/2023\/06\/Logo_MTG.png\",\"width\":9921,\"height\":5781,\"caption\":\"MTG Germany\"},\"image\":{\"@id\":\"https:\/\/www.mtg-germany.de\/#\/schema\/logo\/image\/\"}}]}<\/script>\n<!-- \/ Yoast SEO plugin. -->","yoast_head_json":{"title":"Impressum - MTG Germany","robots":{"index":"index","follow":"follow","max-snippet":"max-snippet:-1","max-image-preview":"max-image-preview:large","max-video-preview":"max-video-preview:-1"},"canonical":"https:\/\/www.mtg-germany.de\/en\/impressum\/","og_locale":"en_GB","og_type":"article","og_title":"Impressum - MTG Germany","og_description":"Impressum Firmenanschrift MTG Handels- und Consulting GmbHH\u00f6tteweg 8 D &#8211; 48143 M\u00fcnsterDeutschland Telefon + 49 251 1337 0 Telefax + 49 251 1337 100 E-Mail-Adresse marcus.gillsch@mtg-germany.de Webseite www.mtg-germany.de \u00a0 \u00a0 Vertretungsberechtigter Marcus Gillsch Verantwortlich f\u00fcr den Inhalt Marcus Gillsch Umsatzsteuer-ID DE 157319659 Handelsregister HRB 4001 Zust\u00e4ndiges Gericht M\u00fcnster","og_url":"https:\/\/www.mtg-germany.de\/en\/impressum\/","og_site_name":"MTG Germany","article_modified_time":"2025-04-29T13:14:21+00:00","twitter_card":"summary_large_image","twitter_misc":{"Estimated reading time":"1 minute"},"schema":{"@context":"https:\/\/schema.org","@graph":[{"@type":"WebPage","@id":"https:\/\/www.mtg-germany.de\/impressum\/","url":"https:\/\/www.mtg-germany.de\/impressum\/","name":"Impressum - MTG Germany","isPartOf":{"@id":"https:\/\/www.mtg-germany.de\/#website"},"datePublished":"2023-06-02T03:20:25+00:00","dateModified":"2025-04-29T13:14:21+00:00","breadcrumb":{"@id":"https:\/\/www.mtg-germany.de\/impressum\/#breadcrumb"},"inLanguage":"en-GB","potentialAction":[{"@type":"ReadAction","target":["https:\/\/www.mtg-germany.de\/impressum\/"]}]},{"@type":"BreadcrumbList","@id":"https:\/\/www.mtg-germany.de\/impressum\/#breadcrumb","itemListElement":[{"@type":"ListItem","position":1,"name":"Startseite","item":"https:\/\/www.mtg-germany.de\/"},{"@type":"ListItem","position":2,"name":"Impressum"}]},{"@type":"WebSite","@id":"https:\/\/www.mtg-germany.de\/#website","url":"https:\/\/www.mtg-germany.de\/","name":"MTG Germany","description":"Expansions- und Strategieberatung","publisher":{"@id":"https:\/\/www.mtg-germany.de\/#organization"},"potentialAction":[{"@type":"SearchAction","target":{"@type":"EntryPoint","urlTemplate":"https:\/\/www.mtg-germany.de\/?s={search_term_string}"},"query-input":"required name=search_term_string"}],"inLanguage":"en-GB"},{"@type":"Organization","@id":"https:\/\/www.mtg-germany.de\/#organization","name":"MTG Germany","url":"https:\/\/www.mtg-germany.de\/","logo":{"@type":"ImageObject","inLanguage":"en-GB","@id":"https:\/\/www.mtg-germany.de\/#\/schema\/logo\/image\/","url":"https:\/\/www.mtg-germany.de\/wp-content\/uploads\/2023\/06\/Logo_MTG.png","contentUrl":"https:\/\/www.mtg-germany.de\/wp-content\/uploads\/2023\/06\/Logo_MTG.png","width":9921,"height":5781,"caption":"MTG Germany"},"image":{"@id":"https:\/\/www.mtg-germany.de\/#\/schema\/logo\/image\/"}}]}},"_links":{"self":[{"href":"https:\/\/www.mtg-germany.de\/en\/wp-json\/wp\/v2\/pages\/385","targetHints":{"allow":["GET"]}}],"collection":[{"href":"https:\/\/www.mtg-germany.de\/en\/wp-json\/wp\/v2\/pages"}],"about":[{"href":"https:\/\/www.mtg-germany.de\/en\/wp-json\/wp\/v2\/types\/page"}],"author":[{"embeddable":true,"href":"https:\/\/www.mtg-germany.de\/en\/wp-json\/wp\/v2\/users\/1"}],"replies":[{"embeddable":true,"href":"https:\/\/www.mtg-germany.de\/en\/wp-json\/wp\/v2\/comments?post=385"}],"version-history":[{"count":19,"href":"https:\/\/www.mtg-germany.de\/en\/wp-json\/wp\/v2\/pages\/385\/revisions"}],"predecessor-version":[{"id":1940,"href":"https:\/\/www.mtg-germany.de\/en\/wp-json\/wp\/v2\/pages\/385\/revisions\/1940"}],"wp:attachment":[{"href":"https:\/\/www.mtg-germany.de\/en\/wp-json\/wp\/v2\/media?parent=385"}],"curies":[{"name":"wp","href":"https:\/\/api.w.org\/{rel}","templated":true}]}}